{"id":3246,"date":"2019-01-08T11:00:14","date_gmt":"2019-01-08T10:00:14","guid":{"rendered":"https:\/\/txmarine.com\/projects\/"},"modified":"2025-04-04T09:48:25","modified_gmt":"2025-04-04T07:48:25","slug":"projects","status":"publish","type":"page","link":"https:\/\/txmarine.com\/en\/projects\/","title":{"rendered":"Projects"},"content":{"rendered":"\n<style type=\"text\/css\" data-created_by=\"avia_inline_auto\" id=\"style-css-av-5vc8pj-41d864475defb306ed7bed280b7fb9cc\">\n.avia-section.av-5vc8pj-41d864475defb306ed7bed280b7fb9cc{\nbackground-color:#f2f2f2;\nbackground-image:unset;\n}\n<\/style>\n<div id='av_section_1'  class='avia-section av-5vc8pj-41d864475defb306ed7bed280b7fb9cc main_color avia-section-default avia-no-shadow  avia-builder-el-0  el_before_av_section  avia-builder-el-first  avia-bg-style-scroll container_wrap fullsize'  ><div class='container av-section-cont-open' ><main  role=\"main\" itemprop=\"mainContentOfPage\"  class='template-page content  av-content-full alpha units'><div class='post-entry post-entry-type-page post-entry-3246'><div class='entry-content-wrapper clearfix'>\n\n<style type=\"text\/css\" data-created_by=\"avia_inline_auto\" id=\"style-css-av-5pi01b-61c0a971e265ad365097256b280efe66\">\n#top .flex_column.av-5pi01b-61c0a971e265ad365097256b280efe66{\nmargin-top:0px;\nmargin-bottom:0px;\n}\n.flex_column.av-5pi01b-61c0a971e265ad365097256b280efe66{\nborder-radius:0px 0px 0px 0px;\npadding:0px 0px 0px 0px;\n}\n.responsive #top #wrap_all .flex_column.av-5pi01b-61c0a971e265ad365097256b280efe66{\nmargin-top:0px;\nmargin-bottom:0px;\n}\n<\/style>\n<div  class='flex_column av-5pi01b-61c0a971e265ad365097256b280efe66 av_one_full  avia-builder-el-1  el_before_av_one_half  avia-builder-el-first  first flex_column_div av-animated-generic bottom-to-top av-zero-column-padding  '     ><p>\n<style type=\"text\/css\" data-created_by=\"avia_inline_auto\" id=\"style-css-av-jqnhzcqt-c203e667ca5b49e0144143a872d3ff55\">\n#top .av-special-heading.av-jqnhzcqt-c203e667ca5b49e0144143a872d3ff55{\npadding-bottom:0;\n}\nbody .av-special-heading.av-jqnhzcqt-c203e667ca5b49e0144143a872d3ff55 .av-special-heading-tag .heading-char{\nfont-size:25px;\n}\n.av-special-heading.av-jqnhzcqt-c203e667ca5b49e0144143a872d3ff55 .av-subheading{\nfont-size:15px;\n}\n<\/style>\n<div  class='av-special-heading av-jqnhzcqt-c203e667ca5b49e0144143a872d3ff55 av-special-heading-h2 blockquote modern-quote  avia-builder-el-2  el_before_av_hr  avia-builder-el-first '><h2 class='av-special-heading-tag '  itemprop=\"headline\"  >Projects<\/h2><div class=\"special-heading-border\"><div class=\"special-heading-inner-border\"><\/div><\/div><\/div><br \/>\n\n<style type=\"text\/css\" data-created_by=\"avia_inline_auto\" id=\"style-css-av-5f67rz-3b1141ffee54eae4aa553740a8d1bf59\">\n#top .hr.av-5f67rz-3b1141ffee54eae4aa553740a8d1bf59{\nmargin-top:10px;\nmargin-bottom:10px;\n}\n.hr.av-5f67rz-3b1141ffee54eae4aa553740a8d1bf59 .hr-inner{\nwidth:50px;\nborder-color:#15944e;\n}\n<\/style>\n<div  class='hr av-5f67rz-3b1141ffee54eae4aa553740a8d1bf59 hr-custom  avia-builder-el-3  el_after_av_heading  avia-builder-el-last  hr-left hr-icon-no'><span class='hr-inner inner-border-av-border-fat'><span class=\"hr-inner-style\"><\/span><\/span><\/div><\/p><\/div>\n<style type=\"text\/css\" data-created_by=\"avia_inline_auto\" id=\"style-css-av-55rvzr-4e507d674fe342895abb9347aa11470f\">\n#top .flex_column.av-55rvzr-4e507d674fe342895abb9347aa11470f{\nmargin-top:0px;\nmargin-bottom:0px;\n}\n.flex_column.av-55rvzr-4e507d674fe342895abb9347aa11470f{\nborder-radius:0px 0px 0px 0px;\npadding:0px 0px 0px 0px;\n}\n.responsive #top #wrap_all .flex_column.av-55rvzr-4e507d674fe342895abb9347aa11470f{\nmargin-top:0px;\nmargin-bottom:0px;\n}\n<\/style>\n<div  class='flex_column av-55rvzr-4e507d674fe342895abb9347aa11470f av_one_half  avia-builder-el-4  el_after_av_one_full  el_before_av_one_half  first flex_column_div av-animated-generic bottom-to-top av-zero-column-padding  column-top-margin'     ><section  class='av_textblock_section av-54h7fr-50632e20ba66a34844f3d13ec1bec931 '   itemscope=\"itemscope\" itemtype=\"https:\/\/schema.org\/CreativeWork\" ><div class='avia_textblock'  itemprop=\"text\" ><p>The projects listed here are targeted, one-off projects that exist and are carried out with a specific task, with start and finish dates.<\/p>\n<\/div><\/section><\/div>\n<style type=\"text\/css\" data-created_by=\"avia_inline_auto\" id=\"style-css-av-4wd5jr-a4b895d664e2d1671df68843d6771a5f\">\n#top .flex_column.av-4wd5jr-a4b895d664e2d1671df68843d6771a5f{\nmargin-top:0px;\nmargin-bottom:0px;\n}\n.flex_column.av-4wd5jr-a4b895d664e2d1671df68843d6771a5f{\nborder-radius:0px 0px 0px 0px;\npadding:0px 0px 0px 0px;\n}\n.responsive #top #wrap_all .flex_column.av-4wd5jr-a4b895d664e2d1671df68843d6771a5f{\nmargin-top:0px;\nmargin-bottom:0px;\n}\n<\/style>\n<div  class='flex_column av-4wd5jr-a4b895d664e2d1671df68843d6771a5f av_one_half  avia-builder-el-6  el_after_av_one_half  avia-builder-el-last  flex_column_div av-animated-generic bottom-to-top av-zero-column-padding  column-top-margin'     ><section  class='av_textblock_section av-4q85j3-73ad0170903c9f01a20e5e07956a57e2 '   itemscope=\"itemscope\" itemtype=\"https:\/\/schema.org\/CreativeWork\" ><div class='avia_textblock'  itemprop=\"text\" ><p>Some of the listed projects are supported by various institutes or carried out through cooperations with partners and customers.<\/p>\n<\/div><\/section><\/div>\n\n<\/div><\/div><\/main><!-- close content main element --><\/div><\/div><div id='messdaten'  class='avia-section av-421s73-6b1447a742289aad1ade3a7f36e1b17c main_color avia-section-default avia-no-shadow  avia-builder-el-8  el_after_av_section  avia-builder-el-last  avia-bg-style-scroll container_wrap fullsize'  ><div class='container av-section-cont-open' ><div class='template-page content  av-content-full alpha units'><div class='post-entry post-entry-type-page post-entry-3246'><div class='entry-content-wrapper clearfix'>\n\n<style type=\"text\/css\" data-created_by=\"avia_inline_auto\" id=\"style-css-av-3y9rlb-455f37aeb06b38f11eae43722b12e30e\">\n#top .flex_column.av-3y9rlb-455f37aeb06b38f11eae43722b12e30e{\nmargin-top:0px;\nmargin-bottom:0px;\n}\n.flex_column.av-3y9rlb-455f37aeb06b38f11eae43722b12e30e{\nborder-radius:0px 0px 0px 0px;\npadding:0px 0px 0px 0px;\n}\n.responsive #top #wrap_all .flex_column.av-3y9rlb-455f37aeb06b38f11eae43722b12e30e{\nmargin-top:0px;\nmargin-bottom:0px;\n}\n<\/style>\n<div  class='flex_column av-3y9rlb-455f37aeb06b38f11eae43722b12e30e av_one_full  avia-builder-el-9  el_before_av_one_half  avia-builder-el-first  first flex_column_div av-animated-generic bottom-to-top av-zero-column-padding  '     ><p>\n<style type=\"text\/css\" data-created_by=\"avia_inline_auto\" id=\"style-css-av-3j4fnb-bbe35e9017936b3e4ebe5300ec7af0ca\">\n#top .hr.av-3j4fnb-bbe35e9017936b3e4ebe5300ec7af0ca{\nmargin-top:10px;\nmargin-bottom:0;\n}\n.hr.av-3j4fnb-bbe35e9017936b3e4ebe5300ec7af0ca .hr-inner{\nwidth:50px;\nborder-color:#15944e;\n}\n<\/style>\n<div  class='hr av-3j4fnb-bbe35e9017936b3e4ebe5300ec7af0ca hr-custom  avia-builder-el-10  el_before_av_heading  avia-builder-el-first  hr-left hr-icon-no'><span class='hr-inner inner-border-av-border-fat'><span class=\"hr-inner-style\"><\/span><\/span><\/div><br \/>\n\n<style type=\"text\/css\" data-created_by=\"avia_inline_auto\" id=\"style-css-av-79rsj-a909a6415074a47ced8ee61c964b8a00\">\n#top .av-special-heading.av-79rsj-a909a6415074a47ced8ee61c964b8a00{\npadding-bottom:0;\n}\nbody .av-special-heading.av-79rsj-a909a6415074a47ced8ee61c964b8a00 .av-special-heading-tag .heading-char{\nfont-size:25px;\n}\n.av-special-heading.av-79rsj-a909a6415074a47ced8ee61c964b8a00 .av-subheading{\nfont-size:15px;\n}\n<\/style>\n<div  class='av-special-heading av-79rsj-a909a6415074a47ced8ee61c964b8a00 av-special-heading-h2 blockquote modern-quote  avia-builder-el-11  el_after_av_hr  avia-builder-el-last '><h2 class='av-special-heading-tag '  itemprop=\"headline\"  >Messebeteiligung SMM 2022<\/h2><div class=\"special-heading-border\"><div class=\"special-heading-inner-border\"><\/div><\/div><\/div><\/p><\/div>\n<style type=\"text\/css\" data-created_by=\"avia_inline_auto\" id=\"style-css-av-c1r2n-1d10870931a5402b0cbfeb810a870e74\">\n.flex_column.av-c1r2n-1d10870931a5402b0cbfeb810a870e74{\nborder-radius:0px 0px 0px 0px;\npadding:0px 0px 0px 0px;\n}\n<\/style>\n<div  class='flex_column av-c1r2n-1d10870931a5402b0cbfeb810a870e74 av_one_half  avia-builder-el-12  el_after_av_one_full  el_before_av_one_half  first flex_column_div av-animated-generic bottom-to-top av-zero-column-padding  column-top-margin'     ><section  class='av_textblock_section av-2k5gcf-8fcd24a3029221ac684df1c7a2110623 '   itemscope=\"itemscope\" itemtype=\"https:\/\/schema.org\/CreativeWork\" ><div class='avia_textblock'  itemprop=\"text\" ><p><em>Projekttitel:<\/em>\u00a0<strong>Messebeteiligung SMM 2022 in Hamburg vom 06. -09.09.2022<\/strong><\/p>\n<p><em>Projektnummer:<\/em>\u00a0<strong>LPW-E\/2.2.3\/1817<\/strong><\/p>\n<p>Beschreibung:<\/p>\n<p>Das F\u00f6rderprogramm \u201eInternationalisierung von kleinen und mittleren Unternehmen und Markterschlie\u00dfung im Ausland\u201c der WTSH (Wirtschaftsf\u00f6rderung und Technologietransfer\u00a0Schleswig-Holstein GmbH) hat das\u00a0Ziel , kleine und\u00a0<span class=\"glossaryLink \" data-cmtooltip=\"mittlere Unternehmen: weniger als 250 Besch\u00e4ftigte und Umsatz bis 50 Mio. Euro oder Bilanzsumme bis 43. Mio Euro\">mittlere Unternehmen<\/span>\u00a0zu motivieren, sich an au\u00dfenwirtschaftlichen Aktivit\u00e4ten zu beteiligen&#8230;.<span style=\"color: #0f67ad;\">\u00a0<\/span>Die Erschlie\u00dfung neuer M\u00e4rkte im Ausland soll zur Schaffung und Sicherung von Arbeitspl\u00e4tzen in Schleswig-Holstein beitragen und die Wettbewerbsf\u00e4higkeit der KMU st\u00e4rken. (siehe:\u00a0https:\/\/wtsh.de\/foerderberatung-der-wtsh\/foerderprogramme\/foerderprogramm-internationalisierung-markterschliessung\/)<\/p>\n<p>Die Beteiligung an der Messe SMM in Hamburg, vom 06.09. bis 09.09.2022 wird mit Mitteln des Europ\u00e4ischen Fonds f\u00fcr regionale Entwicklung (EFRE) gef\u00f6rdert.<\/p>\n<p><img loading=\"lazy\" decoding=\"async\" class=\"size-medium wp-image-3236 aligncenter\" src=\"https:\/\/txmarine.com\/wp-content\/uploads\/2019\/01\/2014_LPW_jpg_deutsch-300x136.png\" alt=\"\" width=\"300\" height=\"136\" \/><\/p>\n<\/div><\/section><\/div>\n<style type=\"text\/css\" data-created_by=\"avia_inline_auto\" id=\"style-css-av-8lztr-340868c911191f28acb00d6f44d85862\">\n.flex_column.av-8lztr-340868c911191f28acb00d6f44d85862{\nborder-radius:0px 0px 0px 0px;\npadding:0px 0px 0px 0px;\n}\n<\/style>\n<div  class='flex_column av-8lztr-340868c911191f28acb00d6f44d85862 av_one_half  avia-builder-el-14  el_after_av_one_half  avia-builder-el-last  flex_column_div av-animated-generic bottom-to-top av-zero-column-padding  column-top-margin'     ><style type=\"text\/css\" data-created_by=\"avia_inline_auto\" id=\"style-css-av-gnshd-b13363974b8cc2f42dcf8fde276fdb08\">\n.avia-image-container.av-gnshd-b13363974b8cc2f42dcf8fde276fdb08 img.avia_image{\nbox-shadow:none;\n}\n.avia-image-container.av-gnshd-b13363974b8cc2f42dcf8fde276fdb08 .av-image-caption-overlay-center{\ncolor:#ffffff;\n}\n<\/style>\n<div  class='avia-image-container av-gnshd-b13363974b8cc2f42dcf8fde276fdb08 av-styling- avia-align-center  avia-builder-el-15  avia-builder-el-no-sibling '   itemprop=\"image\" itemscope=\"itemscope\" itemtype=\"https:\/\/schema.org\/ImageObject\" ><div class=\"avia-image-container-inner\"><div class=\"avia-image-overlay-wrap\"><img decoding=\"async\" fetchpriority=\"high\" class='wp-image-11224 avia-img-lazy-loading-not-11224 avia_image ' src=\"https:\/\/txmarine.com\/wp-content\/uploads\/2021\/06\/csm_sm22_og-image_1200x630_f11b1de3aa-300x157.jpg\" alt='' title='SMM 2022'  height=\"157\" width=\"300\"  itemprop=\"thumbnailUrl\" srcset=\"https:\/\/txmarine.com\/wp-content\/uploads\/2021\/06\/csm_sm22_og-image_1200x630_f11b1de3aa-300x157.jpg 300w, https:\/\/txmarine.com\/wp-content\/uploads\/2021\/06\/csm_sm22_og-image_1200x630_f11b1de3aa-1030x539.jpg 1030w, https:\/\/txmarine.com\/wp-content\/uploads\/2021\/06\/csm_sm22_og-image_1200x630_f11b1de3aa-768x402.jpg 768w, https:\/\/txmarine.com\/wp-content\/uploads\/2021\/06\/csm_sm22_og-image_1200x630_f11b1de3aa-710x375.jpg 710w, https:\/\/txmarine.com\/wp-content\/uploads\/2021\/06\/csm_sm22_og-image_1200x630_f11b1de3aa-705x369.jpg 705w, https:\/\/txmarine.com\/wp-content\/uploads\/2021\/06\/csm_sm22_og-image_1200x630_f11b1de3aa-450x236.jpg 450w, https:\/\/txmarine.com\/wp-content\/uploads\/2021\/06\/csm_sm22_og-image_1200x630_f11b1de3aa.jpg 1200w\" sizes=\"(max-width: 300px) 100vw, 300px\" \/><\/div><\/div><\/div><\/div>\n\n","protected":false},"excerpt":{"rendered":"","protected":false},"author":3,"featured_media":0,"parent":0,"menu_order":47,"comment_status":"closed","ping_status":"closed","template":"","meta":{"_acf_changed":false,"footnotes":""},"seitenkategorie":[],"wf_page_folders":[],"class_list":["post-3246","page","type-page","status-publish","hentry"],"acf":[],"yoast_head":"<!-- This site is optimized with the Yoast SEO plugin v27.4 - https:\/\/yoast.com\/product\/yoast-seo-wordpress\/ -->\n<title>Projects - TX Marine Messsysteme GmbH<\/title>\n<meta name=\"description\" content=\"Participation in the SMM 2022 trade fair in Hamburg from September 6th to 9th, 2021 funded by the WTSH.\" \/>\n<meta name=\"robots\" content=\"index, follow, max-snippet:-1, max-image-preview:large, max-video-preview:-1\" \/>\n<link rel=\"canonical\" href=\"https:\/\/txmarine.com\/en\/projects\/\" \/>\n<meta property=\"og:locale\" content=\"en_US\" \/>\n<meta property=\"og:type\" content=\"article\" \/>\n<meta property=\"og:title\" content=\"Projects - TX Marine Messsysteme GmbH\" \/>\n<meta property=\"og:description\" content=\"Participation in the SMM 2022 trade fair in Hamburg from September 6th to 9th, 2021 funded by the WTSH.\" \/>\n<meta property=\"og:url\" content=\"https:\/\/txmarine.com\/en\/projects\/\" \/>\n<meta property=\"og:site_name\" content=\"TX Marine Messsysteme GmbH\" \/>\n<meta property=\"article:publisher\" content=\"https:\/\/www.facebook.com\/TXMarineMesssystemeGmbH\/\" \/>\n<meta property=\"article:modified_time\" content=\"2025-04-04T07:48:25+00:00\" \/>\n<meta name=\"twitter:card\" content=\"summary_large_image\" \/>\n<meta name=\"twitter:label1\" content=\"Est. reading time\" \/>\n\t<meta name=\"twitter:data1\" content=\"3 minutes\" \/>\n<script type=\"application\/ld+json\" class=\"yoast-schema-graph\">{\"@context\":\"https:\\\/\\\/schema.org\",\"@graph\":[{\"@type\":\"WebPage\",\"@id\":\"https:\\\/\\\/txmarine.com\\\/en\\\/projects\\\/\",\"url\":\"https:\\\/\\\/txmarine.com\\\/en\\\/projects\\\/\",\"name\":\"Projects - TX Marine Messsysteme GmbH\",\"isPartOf\":{\"@id\":\"https:\\\/\\\/txmarine.com\\\/en\\\/#website\"},\"primaryImageOfPage\":{\"@id\":\"https:\\\/\\\/txmarine.com\\\/en\\\/projects\\\/#primaryimage\"},\"image\":{\"@id\":\"https:\\\/\\\/txmarine.com\\\/en\\\/projects\\\/#primaryimage\"},\"thumbnailUrl\":\"https:\\\/\\\/txmarine.com\\\/wp-content\\\/uploads\\\/2019\\\/01\\\/2014_LPW_jpg_deutsch-300x136.png\",\"datePublished\":\"2019-01-08T10:00:14+00:00\",\"dateModified\":\"2025-04-04T07:48:25+00:00\",\"description\":\"Participation in the SMM 2022 trade fair in Hamburg from September 6th to 9th, 2021 funded by the WTSH.\",\"breadcrumb\":{\"@id\":\"https:\\\/\\\/txmarine.com\\\/en\\\/projects\\\/#breadcrumb\"},\"inLanguage\":\"en-US\",\"potentialAction\":[{\"@type\":\"ReadAction\",\"target\":[\"https:\\\/\\\/txmarine.com\\\/en\\\/projects\\\/\"]}]},{\"@type\":\"ImageObject\",\"inLanguage\":\"en-US\",\"@id\":\"https:\\\/\\\/txmarine.com\\\/en\\\/projects\\\/#primaryimage\",\"url\":\"https:\\\/\\\/txmarine.com\\\/wp-content\\\/uploads\\\/2019\\\/01\\\/2014_LPW_jpg_deutsch-300x136.png\",\"contentUrl\":\"https:\\\/\\\/txmarine.com\\\/wp-content\\\/uploads\\\/2019\\\/01\\\/2014_LPW_jpg_deutsch-300x136.png\"},{\"@type\":\"BreadcrumbList\",\"@id\":\"https:\\\/\\\/txmarine.com\\\/en\\\/projects\\\/#breadcrumb\",\"itemListElement\":[{\"@type\":\"ListItem\",\"position\":1,\"name\":\"Startseite\",\"item\":\"https:\\\/\\\/txmarine.com\\\/en\\\/welcome\\\/\"},{\"@type\":\"ListItem\",\"position\":2,\"name\":\"Projects\"}]},{\"@type\":\"WebSite\",\"@id\":\"https:\\\/\\\/txmarine.com\\\/en\\\/#website\",\"url\":\"https:\\\/\\\/txmarine.com\\\/en\\\/\",\"name\":\"TX Marine Messsysteme GmbH\",\"description\":\"You have a measurement problem - We have the solution!\",\"publisher\":{\"@id\":\"https:\\\/\\\/txmarine.com\\\/en\\\/#organization\"},\"alternateName\":\"TX Marine\",\"potentialAction\":[{\"@type\":\"SearchAction\",\"target\":{\"@type\":\"EntryPoint\",\"urlTemplate\":\"https:\\\/\\\/txmarine.com\\\/en\\\/?s={search_term_string}\"},\"query-input\":{\"@type\":\"PropertyValueSpecification\",\"valueRequired\":true,\"valueName\":\"search_term_string\"}}],\"inLanguage\":\"en-US\"},{\"@type\":\"Organization\",\"@id\":\"https:\\\/\\\/txmarine.com\\\/en\\\/#organization\",\"name\":\"TX Marine\",\"url\":\"https:\\\/\\\/txmarine.com\\\/en\\\/\",\"logo\":{\"@type\":\"ImageObject\",\"inLanguage\":\"en-US\",\"@id\":\"https:\\\/\\\/txmarine.com\\\/en\\\/#\\\/schema\\\/logo\\\/image\\\/\",\"url\":\"https:\\\/\\\/txmarine.com\\\/wp-content\\\/uploads\\\/2018\\\/05\\\/Logo-TX-Marine_Messsysteme_GmbH_transp2.png\",\"contentUrl\":\"https:\\\/\\\/txmarine.com\\\/wp-content\\\/uploads\\\/2018\\\/05\\\/Logo-TX-Marine_Messsysteme_GmbH_transp2.png\",\"width\":2342,\"height\":630,\"caption\":\"TX Marine\"},\"image\":{\"@id\":\"https:\\\/\\\/txmarine.com\\\/en\\\/#\\\/schema\\\/logo\\\/image\\\/\"},\"sameAs\":[\"https:\\\/\\\/www.facebook.com\\\/TXMarineMesssystemeGmbH\\\/\",\"https:\\\/\\\/www.instagram.com\\\/tx_marine\\\/?hl=de\",\"https:\\\/\\\/www.linkedin.com\\\/company\\\/txmarine\\\/?viewAsMember=true\"]}]}<\/script>\n<!-- \/ Yoast SEO plugin. -->","yoast_head_json":{"title":"Projects - TX Marine Messsysteme GmbH","description":"Participation in the SMM 2022 trade fair in Hamburg from September 6th to 9th, 2021 funded by the WTSH.","robots":{"index":"index","follow":"follow","max-snippet":"max-snippet:-1","max-image-preview":"max-image-preview:large","max-video-preview":"max-video-preview:-1"},"canonical":"https:\/\/txmarine.com\/en\/projects\/","og_locale":"en_US","og_type":"article","og_title":"Projects - TX Marine Messsysteme GmbH","og_description":"Participation in the SMM 2022 trade fair in Hamburg from September 6th to 9th, 2021 funded by the WTSH.","og_url":"https:\/\/txmarine.com\/en\/projects\/","og_site_name":"TX Marine Messsysteme GmbH","article_publisher":"https:\/\/www.facebook.com\/TXMarineMesssystemeGmbH\/","article_modified_time":"2025-04-04T07:48:25+00:00","twitter_card":"summary_large_image","twitter_misc":{"Est. reading time":"3 minutes"},"schema":{"@context":"https:\/\/schema.org","@graph":[{"@type":"WebPage","@id":"https:\/\/txmarine.com\/en\/projects\/","url":"https:\/\/txmarine.com\/en\/projects\/","name":"Projects - TX Marine Messsysteme GmbH","isPartOf":{"@id":"https:\/\/txmarine.com\/en\/#website"},"primaryImageOfPage":{"@id":"https:\/\/txmarine.com\/en\/projects\/#primaryimage"},"image":{"@id":"https:\/\/txmarine.com\/en\/projects\/#primaryimage"},"thumbnailUrl":"https:\/\/txmarine.com\/wp-content\/uploads\/2019\/01\/2014_LPW_jpg_deutsch-300x136.png","datePublished":"2019-01-08T10:00:14+00:00","dateModified":"2025-04-04T07:48:25+00:00","description":"Participation in the SMM 2022 trade fair in Hamburg from September 6th to 9th, 2021 funded by the WTSH.","breadcrumb":{"@id":"https:\/\/txmarine.com\/en\/projects\/#breadcrumb"},"inLanguage":"en-US","potentialAction":[{"@type":"ReadAction","target":["https:\/\/txmarine.com\/en\/projects\/"]}]},{"@type":"ImageObject","inLanguage":"en-US","@id":"https:\/\/txmarine.com\/en\/projects\/#primaryimage","url":"https:\/\/txmarine.com\/wp-content\/uploads\/2019\/01\/2014_LPW_jpg_deutsch-300x136.png","contentUrl":"https:\/\/txmarine.com\/wp-content\/uploads\/2019\/01\/2014_LPW_jpg_deutsch-300x136.png"},{"@type":"BreadcrumbList","@id":"https:\/\/txmarine.com\/en\/projects\/#breadcrumb","itemListElement":[{"@type":"ListItem","position":1,"name":"Startseite","item":"https:\/\/txmarine.com\/en\/welcome\/"},{"@type":"ListItem","position":2,"name":"Projects"}]},{"@type":"WebSite","@id":"https:\/\/txmarine.com\/en\/#website","url":"https:\/\/txmarine.com\/en\/","name":"TX Marine Messsysteme GmbH","description":"You have a measurement problem - We have the solution!","publisher":{"@id":"https:\/\/txmarine.com\/en\/#organization"},"alternateName":"TX Marine","potentialAction":[{"@type":"SearchAction","target":{"@type":"EntryPoint","urlTemplate":"https:\/\/txmarine.com\/en\/?s={search_term_string}"},"query-input":{"@type":"PropertyValueSpecification","valueRequired":true,"valueName":"search_term_string"}}],"inLanguage":"en-US"},{"@type":"Organization","@id":"https:\/\/txmarine.com\/en\/#organization","name":"TX Marine","url":"https:\/\/txmarine.com\/en\/","logo":{"@type":"ImageObject","inLanguage":"en-US","@id":"https:\/\/txmarine.com\/en\/#\/schema\/logo\/image\/","url":"https:\/\/txmarine.com\/wp-content\/uploads\/2018\/05\/Logo-TX-Marine_Messsysteme_GmbH_transp2.png","contentUrl":"https:\/\/txmarine.com\/wp-content\/uploads\/2018\/05\/Logo-TX-Marine_Messsysteme_GmbH_transp2.png","width":2342,"height":630,"caption":"TX Marine"},"image":{"@id":"https:\/\/txmarine.com\/en\/#\/schema\/logo\/image\/"},"sameAs":["https:\/\/www.facebook.com\/TXMarineMesssystemeGmbH\/","https:\/\/www.instagram.com\/tx_marine\/?hl=de","https:\/\/www.linkedin.com\/company\/txmarine\/?viewAsMember=true"]}]}},"_links":{"self":[{"href":"https:\/\/txmarine.com\/en\/wp-json\/wp\/v2\/pages\/3246","targetHints":{"allow":["GET"]}}],"collection":[{"href":"https:\/\/txmarine.com\/en\/wp-json\/wp\/v2\/pages"}],"about":[{"href":"https:\/\/txmarine.com\/en\/wp-json\/wp\/v2\/types\/page"}],"author":[{"embeddable":true,"href":"https:\/\/txmarine.com\/en\/wp-json\/wp\/v2\/users\/3"}],"replies":[{"embeddable":true,"href":"https:\/\/txmarine.com\/en\/wp-json\/wp\/v2\/comments?post=3246"}],"version-history":[{"count":1,"href":"https:\/\/txmarine.com\/en\/wp-json\/wp\/v2\/pages\/3246\/revisions"}],"predecessor-version":[{"id":23136,"href":"https:\/\/txmarine.com\/en\/wp-json\/wp\/v2\/pages\/3246\/revisions\/23136"}],"wp:attachment":[{"href":"https:\/\/txmarine.com\/en\/wp-json\/wp\/v2\/media?parent=3246"}],"wp:term":[{"taxonomy":"seitenkategorie","embeddable":true,"href":"https:\/\/txmarine.com\/en\/wp-json\/wp\/v2\/seitenkategorie?post=3246"},{"taxonomy":"wf_page_folders","embeddable":true,"href":"https:\/\/txmarine.com\/en\/wp-json\/wp\/v2\/wf_page_folders?post=3246"}],"curies":[{"name":"wp","href":"https:\/\/api.w.org\/{rel}","templated":true}]}}